{"id":629,"date":"2022-03-11T17:47:42","date_gmt":"2022-03-11T16:47:42","guid":{"rendered":"http:\/\/gutshaus-doennie.de.domainpreview.eu\/?page_id=629"},"modified":"2022-03-15T21:14:49","modified_gmt":"2022-03-15T20:14:49","slug":"datenschutzerklaerung","status":"publish","type":"page","link":"https:\/\/gutshaus-doennie.de\/?page_id=629","title":{"rendered":"Datenschutzerkl\u00e4rung"},"content":{"rendered":"<div data-colibri-id=\"629-c1\" class=\"style-593 style-local-629-c1 position-relative\">\n  <!---->\n  <div data-colibri-component=\"section\" data-colibri-id=\"629-c2\" id=\"initial-content\" class=\"h-section h-section-global-spacing d-flex align-items-lg-center align-items-md-center align-items-center style-594 style-local-629-c2 position-relative\">\n    <!---->\n    <!---->\n    <div class=\"h-section-grid-container h-section-boxed-container\">\n      <!---->\n      <div data-colibri-id=\"629-c3\" class=\"h-row-container gutters-row-lg-2 gutters-row-md-2 gutters-row-0 gutters-row-v-lg-2 gutters-row-v-md-2 gutters-row-v-2 style-595 style-local-629-c3 position-relative\">\n        <!---->\n        <div class=\"h-row justify-content-lg-center justify-content-md-center justify-content-center align-items-lg-stretch align-items-md-stretch align-items-stretch gutters-col-lg-2 gutters-col-md-2 gutters-col-0 gutters-col-v-lg-2 gutters-col-v-md-2 gutters-col-v-2\">\n          <!---->\n          <div class=\"h-column h-column-container d-flex h-col-lg-auto h-col-md-auto h-col-auto style-596-outer style-local-629-c4-outer\">\n            <div data-colibri-id=\"629-c4\" class=\"d-flex h-flex-basis h-column__inner h-px-lg-2 h-px-md-2 h-px-2 v-inner-lg-2 v-inner-md-2 v-inner-2 style-596 style-local-629-c4 position-relative\">\n              <!---->\n              <!---->\n              <div class=\"w-100 h-y-container h-column__content h-column__v-align flex-basis-100 align-self-lg-start align-self-md-start align-self-start\">\n                <!---->\n                <div data-colibri-id=\"629-c5\" class=\"h-text h-text-component style-598 style-local-629-c5 position-relative h-element\">\n                  <!---->\n                  <!---->\n                  <div class=\"\">\n                    <p>&lt;<\/p>\n                    <h1>Datenschutz<\/h1>\n                    <h5><strong>1.&nbsp;Name und Kontaktdaten des fu\u0308r die Verarbeitung Verantwortlichen sowie des betrieblichen Datenschutzbeauftragten<\/strong><\/h5>\n                    <h5>\n                      <br>\n                    <\/h5>\n                    <p>Diese Datenschutz-Information gilt fu\u0308r die Datenverarbeitung durch:<\/p>\n                    <h5>M<strong>orris Hanisch<\/strong><\/h5>\n                    <p><strong>Neue Str. 8<\/strong><\/p>\n                    <p><strong>18516 S\u00fcderholz<\/strong><\/p>\n                    <p>\n                      <br>\n                    <\/p>\n                    <p>Eine Pflicht zur Bestellung eines Datenschutzbeauftragten besteht nicht.<\/p>\n                    <h5><strong>2. Erhebung und Speicherung personenbezogener Daten sowie Art und Zweck von deren Verwendung<\/strong><\/h5>\n                    <p>Beim Besuch der Website <strong>www.gutshaus-doennie.de<\/strong> werden durch den auf Ihrem Endgera\u0308t zum Einsatz kommenden Browser automatisch Informationen an den Server unserer Website gesendet. Diese Informationen werden tempora\u0308r\n                      in einem sog. Logfile gespeichert. Folgende Informationen werden dabei ohne Ihr Zutun erfasst und bis zur automatisierten Lo\u0308schung gespeichert:<\/p>\n                    <p>\u2013 Informationen \u00fcber den Browsertyp und die verwendete Version\u2013 Das Betriebssystem des Nutzers\u2013 Die IP-Adresse des Nutzers\u2013 Datum und Uhrzeit des Zugriffs\u2013 Websites, von denen das System des Nutzers auf unsere Internetseite gelangt\u2013\n                      Websites, die vom System des Nutzers \u00fcber unsere Website aufgerufen werden<\/p>\n                    <p>Zus\u00e4tzlich enthalten diese Logeintr\u00e4ge weitere (technische) Datenfelder, aus denen sich jedoch kein Personenbezug ableiten l\u00e4sst. Die genannten Daten werden durch uns zu folgenden Zwecken verarbeitet:<\/p>\n                    <p>\u2022 Gewa\u0308hrleistung eines reibungslosen Verbindungsaufbaus der Website,\u2022 Gewa\u0308hrleistung einer komfortablen Nutzung unserer Website,\u2022 Auswertung der Systemsicherheit und -stabilita\u0308t sowie\u2022 zu weiteren administrativen Zwecken.<\/p>\n                    <p>Diese Daten werden 7 Tage gespeichert (+ 14 Tage Backup) und danach von Daten mit Personenbezug bereinigt (anonymisiert) und archiviert oder ganz gel\u00f6scht. Die Rechtsgrundlage fu\u0308r die Datenverarbeitung ist Art. 6 Abs. 1 S. 1 lit.\n                      f DSGVO. Unser berechtigtes Interesse folgt aus oben aufgelisteten Zwecken zur Datenerhebung. In keinem Fall verwenden wir die erhobenen Daten zu dem Zweck, Ru\u0308ckschlu\u0308sse auf Ihre Person zu ziehen.<\/p>\n                    <p>\n                      <br>\n                    <\/p>\n                    <h5>Ihre Bet<strong>roffenenrechte<\/strong><\/h5>\n                    <p>Unter den angegebenen Kontaktdaten unseres Datenschutzbeauftragten k\u00f6nnen Sie jederzeit folgende Rechte aus\u00fcben:<\/p>\n                    <p>Auskunft \u00fcber Ihre bei uns gespeicherten Daten und deren Verarbeitung,<\/p>\n                    <p>Berichtigung unrichtiger personenbezogener Daten,<\/p>\n                    <p>L\u00f6schung Ihrer bei uns gespeicherten Daten,<\/p>\n                    <p>Einschr\u00e4nkung der Datenverarbeitung, sofern wir Ihre Daten aufgrund gesetzlicher Pflichten noch nicht l\u00f6schen d\u00fcrfen,<\/p>\n                    <p>Widerspruch gegen die Verarbeitung Ihrer Daten bei uns und<\/p>\n                    <p>Daten\u00fcbertragbarkeit, sofern Sie in die Datenverarbeitung eingewilligt haben oder einen Vertrag mit uns abgeschlossen haben.<\/p>\n                    <p>Sofern Sie uns eine Einwilligung erteilt haben, k\u00f6nnen Sie diese jederzeit mit Wirkung f\u00fcr die Zukunft widerrufen.<\/p>\n                    <p>Sie k\u00f6nnen sich jederzeit mit einer Beschwerde an die f\u00fcr Sie zust\u00e4ndige Aufsichtsbeh\u00f6rde wenden. Ihre zust\u00e4ndige Aufsichtsbeh\u00f6rde richtet sich nach dem Bundesland Ihres Wohnsitzes, Ihrer Arbeit oder der mutma\u00dflichen Verletzung. Eine\n                      Liste der Aufsichtsbeh\u00f6rden (f\u00fcr den nicht\u00f6ffentlichen Bereich) mit Anschrift finden Sie unter:&nbsp;<\/p>\n                    <p>https:\n                      <a href=\"https:\/\/www.bfdi.bund.de\/DE\/Infothek\/Anschriften_Links\/anschriften_links-node.html\" target=\"_blank\" class=\"customize-unpreviewable\" rel=\"noopener\">\/\/www.bfdi.bund.de\/DE\/Infothek\/Anschriften_Links\/anschriften_links-node.html<\/a>\n                    <\/p>\n                    <p>.<\/p>\n                    <h5>Zweck<strong>e der Datenverarbeitung durch die verantwortliche Stelle und Dritte<\/strong><\/h5>\n                    <p>Wir verarbeiten Ihre personenbezogenen Daten nur zu den in dieser Datenschutzerkl\u00e4rung genannten Zwecken. Eine \u00dcbermittlung Ihrer pers\u00f6nlichen Daten an Dritte zu anderen als den genannten Zwecken findet nicht statt. Wir geben Ihre\n                      pers\u00f6nlichen Daten nur an Dritte weiter, wenn:<\/p>\n                    <p>Sie Ihre ausdr\u00fcckliche Einwilligung dazu erteilt haben,<\/p>\n                    <p>die Verarbeitung zur Abwicklung eines Vertrags mit Ihnen erforderlich ist,<\/p>\n                    <p>die Verarbeitung zur Erf\u00fcllung einer rechtlichen Verpflichtung erforderlich ist,<\/p>\n                    <p>die Verarbeitung zur Wahrung berechtigter Interessen erforderlich ist und kein Grund zur Annahme besteht, dass Sie ein \u00fcberwiegendes schutzw\u00fcrdiges Interesse an der Nichtweitergabe Ihrer Daten haben.<\/p>\n                    <h5>L\u00f6sc<strong>hung bzw. Sperrung der Daten<\/strong><\/h5>\n                    <p>Wir halten uns an die Grunds\u00e4tze der Datenvermeidung und Datensparsamkeit. Wir speichern Ihre personenbezogenen Daten daher nur so lange, wie dies zur Erreichung der hier genannten Zwecke erforderlich ist oder wie es die vom Gesetzgeber\n                      vorgesehenen vielf\u00e4ltigen Speicherfristen vorsehen. Nach Fortfall des jeweiligen Zweckes bzw. Ablauf dieser Fristen werden die entsprechenden Daten routinem\u00e4\u00dfig und entsprechend den gesetzlichen Vorschriften gesperrt oder gel\u00f6scht.<\/p>\n                    <h5>Coo<strong>kies<\/strong><\/h5>\n                    <p>Wie viele andere Webseiten verwenden wir auch so genannte \u201eCookies\u201c. Cookies sind kleine Textdateien, die von einem Websiteserver auf Ihre Festplatte \u00fcbertragen werden. Hierdurch erhalten wir automatisch bestimmte Daten wie z. B. IP-Adresse,\n                      verwendeter Browser, Betriebssystem und Ihre Verbindung zum Internet.<\/p>\n                    <p>Cookies k\u00f6nnen nicht verwendet werden, um Programme zu starten oder Viren auf einen Computer zu \u00fcbertragen. Anhand der in Cookies enthaltenen Informationen k\u00f6nnen wir Ihnen die Navigation erleichtern und die korrekte Anzeige unserer\n                      Webseiten erm\u00f6glichen.<\/p>\n                    <p>In keinem Fall werden die von uns erfassten Daten an Dritte weitergegeben oder ohne Ihre Einwilligung eine Verkn\u00fcpfung mit personenbezogenen Daten hergestellt.<\/p>\n                    <p>Nat\u00fcrlich k\u00f6nnen Sie unsere Website grunds\u00e4tzlich auch ohne Cookies betrachten. Internet-Browser sind regelm\u00e4\u00dfig so eingestellt, dass sie Cookies akzeptieren. Im Allgemeinen k\u00f6nnen Sie die Verwendung von Cookies jederzeit \u00fcber die\n                      Einstellungen Ihres Browsers deaktivieren. Bitte verwenden Sie die Hilfefunktionen Ihres Internetbrowsers, um zu erfahren, wie Sie diese Einstellungen \u00e4ndern k\u00f6nnen. Bitte beachten Sie, dass einzelne Funktionen unserer Website m\u00f6glicherweise\n                      nicht funktionieren, wenn Sie die Verwendung von Cookies deaktiviert haben.<\/p>\n                    <h5>SS<strong>L-Verschl\u00fcsselung<\/strong><\/h5>\n                    <p>Um die Sicherheit Ihrer Daten bei der \u00dcbertragung zu sch\u00fctzen, verwenden wir dem aktuellen Stand der Technik entsprechende Verschl\u00fcsselungsverfahren (z. B. SSL) \u00fcber HTTPS.<\/p>\n                    <h5>K<strong>ontaktformular<\/strong><\/h5>\n                    <p>Treten Sie bzgl. Fragen jeglicher Art per E-Mail oder Kontaktformular mit uns in Kontakt, erteilen Sie uns zum Zwecke der Kontaktaufnahme Ihre freiwillige Einwilligung. Hierf\u00fcr ist die Angabe einer validen E-Mail-Adresse erforderlich.\n                      Diese dient der Zuordnung der Anfrage und der anschlie\u00dfenden Beantwortung derselben. Die Angabe weiterer Daten ist optional. Die von Ihnen gemachten Angaben werden zum Zwecke der Bearbeitung der Anfrage sowie f\u00fcr m\u00f6gliche Anschlussfragen\n                      gespeichert. Nach Erledigung der von Ihnen gestellten Anfrage werden personenbezogene Daten automatisch gel\u00f6scht.<\/p>\n                    <h5><strong>Verwendung von Google Analytics<\/strong><\/h5>\n                    <p>Diese Website benutzt Google Analytics, einen Webanalysedienst der Google Inc. (folgend: Google). Google Analytics verwendet sog. \u201eCookies\u201c, also Textdateien, die auf Ihrem Computer gespeichert werden und die eine Analyse der Benutzung\n                      der Webseite durch Sie erm\u00f6glichen. Die durch das Cookie erzeugten Informationen \u00fcber Ihre Benutzung dieser Webseite werden in der Regel an einen Server von Google in den USA \u00fcbertragen und dort gespeichert. Aufgrund der Aktivierung\n                      der IP-Anonymisierung auf diesen Webseiten, wird Ihre IP-Adresse von Google jedoch innerhalb von Mitgliedstaaten der Europ\u00e4ischen Union oder in anderen Vertragsstaaten des Abkommens \u00fcber den Europ\u00e4ischen Wirtschaftsraum zuvor gek\u00fcrzt.\n                      Nur in Ausnahmef\u00e4llen wird die volle IP-Adresse an einen Server von Google in den USA \u00fcbertragen und dort gek\u00fcrzt. Im Auftrag des Betreibers dieser Website wird Google diese Informationen benutzen, um Ihre Nutzung der Webseite auszuwerten,\n                      um Reports \u00fcber die Webseitenaktivit\u00e4ten zusammenzustellen und um weitere mit der Websitenutzung und der Internetnutzung verbundene Dienstleistungen gegen\u00fcber dem Webseitenbetreiber zu erbringen. Die im Rahmen von Google Analytics\n                      von Ihrem Browser \u00fcbermittelte IP-Adresse wird nicht mit anderen Daten von Google zusammengef\u00fchrt.<\/p>\n                    <p>Die Zwecke der Datenverarbeitung liegen in der Auswertung der Nutzung der Website und in der Zusammenstellung von Reports \u00fcber Aktivit\u00e4ten auf der Website. Auf Grundlage der Nutzung der Website und des Internets sollen dann weitere\n                      verbundene Dienstleistungen erbracht werden. Die Verarbeitung beruht auf dem berechtigten Interesse des Webseitenbetreibers.<\/p>\n                    <p>Sie k\u00f6nnen die Speicherung der Cookies durch eine entsprechende Einstellung Ihrer Browser-Software verhindern; wir weisen Sie jedoch darauf hin, dass Sie in diesem Fall gegebenenfalls nicht s\u00e4mtliche Funktionen dieser Website vollumf\u00e4nglich\n                      werden nutzen k\u00f6nnen. Sie k\u00f6nnen dar\u00fcber hinaus die Erfassung der durch das Cookie erzeugten und auf Ihre Nutzung der Webseite bezogenen Daten (inkl. Ihrer IP-Adresse) an Google sowie die Verarbeitung dieser Daten durch Google verhindern,\n                      indem sie das unter dem folgenden Link verf\u00fcgbare Browser-Plugin herunterladen und installieren:&nbsp;\n                      <a href=\"http:\/\/tools.google.com\/dlpage\/gaoptout?hl=de\" target=\"_blank\" class=\"customize-unpreviewable\" rel=\"noopener\">Browser Add On zur Deaktivierung von Google Analytics<\/a>.<\/p>\n                    <p>Zus\u00e4tzlich oder als Alternative zum Browser-Add-On k\u00f6nnen Sie das Tracking durch Google Analytics auf unseren Seiten unterbinden, indem Sie&nbsp;\n                      <a href=\"https:\/\/mathiasblum.de\/datenschutz\" class=\"customize-unpreviewable\">diesen Link anklicken<\/a>. Dabei wird ein Opt-Out-Cookie auf Ihrem Ger\u00e4t installiert. Damit wird die Erfassung durch Google Analytics f\u00fcr diese Website und f\u00fcr diesen Browser zuk\u00fcnftig verhindert, so lange das Cookie in Ihrem Browser\n                      installiert bleibt.<\/p>\n                    <h5><strong>Verwendung von Scriptbibliotheken (Google Webfonts)<\/strong><\/h5>\n                    <p>Um unsere Inhalte browser\u00fcbergreifend korrekt und grafisch ansprechend darzustellen, verwenden wir auf dieser Website Scriptbibliotheken und Schriftbibliotheken wie z. B. Google Webfonts (\n                      <a href=\"http:\/\/www.google.com\/webfonts\" target=\"_blank\" class=\"customize-unpreviewable\" rel=\"noopener\">https:\/\/www.google.com\/webfonts\/<\/a>). Google Webfonts werden zur Vermeidung mehrfachen Ladens in den Cache Ihres Browsers \u00fcbertragen. Falls der Browser die Google Webfonts nicht unterst\u00fctzt oder den Zugriff unterbindet, werden Inhalte\n                      in einer Standardschrift angezeigt.<\/p>\n                    <p>Der Aufruf von Scriptbibliotheken oder Schriftbibliotheken l\u00f6st automatisch eine Verbindung zum Betreiber der Bibliothek aus. Dabei ist es theoretisch m\u00f6glich \u2013 aktuell allerdings auch unklar ob und ggf. zu welchen Zwecken \u2013 dass Betreiber\n                      entsprechender Bibliotheken Daten erheben.<\/p>\n                    <p>Die Datenschutzrichtlinie des Bibliothekbetreibers Google finden Sie hier:&nbsp;\n                      <a href=\"https:\/\/www.google.com\/policies\/privacy\" target=\"_blank\" class=\"customize-unpreviewable\" rel=\"noopener\">https:\/\/www.google.com\/policies\/privacy\/<\/a>\n                    <\/p>\n                    <h5><strong>Verwendung von Google Maps<\/strong><\/h5>\n                    <p>Diese Webseite verwendet Google Maps API, um geographische Informationen visuell darzustellen. Bei der Nutzung von Google Maps werden von Google auch Daten \u00fcber die Nutzung der Kartenfunktionen durch Besucher erhoben, verarbeitet und\n                      genutzt. N\u00e4here Informationen \u00fcber die Datenverarbeitung durch Google k\u00f6nnen Sie&nbsp;\n                      <a href=\"http:\/\/www.google.com\/privacypolicy.html\" target=\"_blank\" class=\"customize-unpreviewable\" rel=\"noopener\">den Google-Datenschutzhinweisen<\/a>&nbsp;entnehmen. Dort k\u00f6nnen Sie im Datenschutzcenter auch Ihre pers\u00f6nlichen Datenschutz-Einstellungen ver\u00e4ndern.<\/p>\n                    <p>Ausf\u00fchrliche Anleitungen zur Verwaltung der eigenen Daten im Zusammenhang mit Google-Produkten\n                      <a href=\"http:\/\/www.dataliberation.org\" target=\"_blank\" class=\"customize-unpreviewable\" rel=\"noopener\">&nbsp;finden Sie hier<\/a>.<\/p>\n                    <h5><strong>Google AdWords<\/strong><\/h5>\n                    <p>Unsere Webseite nutzt das Google Conversion-Tracking. Sind Sie \u00fcber eine von Google geschaltete Anzeige auf unsere Webseite gelangt, wird von Google Adwords ein Cookie auf Ihrem Rechner gesetzt. Das Cookie f\u00fcr Conversion-Tracking wird\n                      gesetzt, wenn ein Nutzer auf eine von Google geschaltete Anzeige klickt. Diese Cookies verlieren nach 30 Tagen ihre G\u00fcltigkeit und dienen nicht der pers\u00f6nlichen Identifizierung. Besucht der Nutzer bestimmte Seiten unserer Website\n                      und das Cookie ist noch nicht abgelaufen, k\u00f6nnen wir und Google erkennen, dass der Nutzer auf die Anzeige geklickt hat und zu dieser Seite weitergeleitet wurde. Jeder Google AdWords-Kunde erh\u00e4lt ein anderes Cookie. Cookies k\u00f6nnen\n                      somit nicht \u00fcber die Websites von AdWords-Kunden nachverfolgt werden. Die mithilfe des Conversion-Cookies eingeholten Informationen dienen dazu, Conversion-Statistiken f\u00fcr AdWords-Kunden zu erstellen, die sich f\u00fcr Conversion-Tracking\n                      entschieden haben. Die Kunden erfahren die Gesamtanzahl der Nutzer, die auf ihre Anzeige geklickt haben und zu einer mit einem Conversion-Tracking-Tag versehenen Seite weitergeleitet wurden. Sie erhalten jedoch keine Informationen,\n                      mit denen sich Nutzer pers\u00f6nlich identifizieren lassen.<\/p>\n                    <p>M\u00f6chten Sie nicht am Tracking teilnehmen, k\u00f6nnen Sie das hierf\u00fcr erforderliche Setzen eines Cookies ablehnen \u2013 etwa per Browser-Einstellung, die das automatische Setzen von Cookies generell deaktiviert oder Ihren Browser so einstellen,\n                      dass Cookies von der Domain \u201egoogleleadservices.com\u201c blockiert werden.<\/p>\n                    <p>Bitte beachten Sie, dass Sie die Opt-out-Cookies nicht l\u00f6schen d\u00fcrfen, solange Sie keine Aufzeichnung von Messdaten w\u00fcnschen. Haben Sie alle Ihre Cookies im Browser gel\u00f6scht, m\u00fcssen Sie das jeweilige Opt-out Cookie erneut setzen.<\/p>\n                    <h5><strong>Einsatz von Google Remarketing<\/strong><\/h5>\n                    <p>Diese Webseite verwendet die Remarketing-Funktion der Google Inc. Die Funktion dient dazu, Webseitenbesuchern innerhalb des Google-Werbenetzwerks interessenbezogene Werbeanzeigen zu pr\u00e4sentieren. Im Browser des Webseitenbesuchers wird\n                      ein sog. \u201eCookie\u201c gespeichert, der es erm\u00f6glicht, den Besucher wiederzuerkennen, wenn dieser Webseiten aufruft, die dem Werbenetzwerk von Google angeh\u00f6ren. Auf diesen Seiten k\u00f6nnen dem Besucher Werbeanzeigen pr\u00e4sentiert werden, die\n                      sich auf Inhalte beziehen, die der Besucher zuvor auf Webseiten aufgerufen hat, die die Remarketing Funktion von Google verwenden.<\/p>\n                    <p>Nach eigenen Angaben erhebt Google bei diesem Vorgang keine personenbezogenen Daten. Sollten Sie die Funktion Remarketing von Google dennoch nicht w\u00fcnschen, k\u00f6nnen Sie diese grunds\u00e4tzlich deaktivieren, indem Sie die entsprechenden\n                      Einstellungen unter&nbsp;\n                      <a href=\"http:\/\/www.google.com\/settings\/ads\" target=\"_blank\" class=\"customize-unpreviewable\" rel=\"noopener\">http:\/\/www.google.com\/settings\/ads<\/a>&nbsp;vornehmen. Alternativ k\u00f6nnen Sie den Einsatz von Cookies f\u00fcr interessenbezogene Werbung \u00fcber die Werbenetzwerkinitiative deaktivieren, indem Sie den Anweisungen unter&nbsp;\n                      <a href=\"http:\/\/www.networkadvertising.org\/managing\/opt_out.asp\" target=\"_blank\" class=\"customize-unpreviewable\" rel=\"noopener\">http:\/\/www.networkadvertising.org\/managing\/opt_out.asp<\/a>&nbsp;folgen.<\/p>\n                    <h5><strong>\u00c4nderung unserer Datenschutzbestimmungen<\/strong><\/h5>\n                    <p>Wir behalten uns vor, diese Datenschutzerkl\u00e4rung anzupassen, damit sie stets den aktuellen rechtlichen Anforderungen entspricht oder um \u00c4nderungen unserer Leistungen in der Datenschutzerkl\u00e4rung umzusetzen, z.B. bei der Einf\u00fchrung neuer\n                      Services. F\u00fcr Ihren erneuten Besuch gilt dann die neue Datenschutzerkl\u00e4rung.<\/p>\n                  <\/div>\n                <\/div>\n              <\/div>\n            <\/div>\n          <\/div>\n        <\/div>\n      <\/div>\n    <\/div>\n  <\/div>\n<\/div>","protected":false},"excerpt":{"rendered":"<p>&lt; Datenschutz 1.&nbsp;Name und Kontaktdaten des fu\u0308r die Verarbeitung Verantwortlichen sowie des betrieblichen Datenschutzbeauftragten Diese Datenschutz-Information gilt fu\u0308r die Datenverarbeitung durch: Morris Hanisch Neue Str. 8 18516 S\u00fcderholz Eine Pflicht zur Bestellung eines Datenschutzbeauftragten besteht nicht. 2. Erhebung und Speicherung personenbezogener Daten sowie Art und Zweck von deren Verwendung Beim Besuch der Website www.gutshaus-doennie.de werden [&hellip;]<\/p>\n","protected":false},"author":1,"featured_media":0,"parent":0,"menu_order":0,"comment_status":"closed","ping_status":"closed","template":"page-templates\/full-width-page.php","meta":{"footnotes":""},"class_list":["post-629","page","type-page","status-publish","hentry"],"_links":{"self":[{"href":"https:\/\/gutshaus-doennie.de\/index.php?rest_route=\/wp\/v2\/pages\/629","targetHints":{"allow":["GET"]}}],"collection":[{"href":"https:\/\/gutshaus-doennie.de\/index.php?rest_route=\/wp\/v2\/pages"}],"about":[{"href":"https:\/\/gutshaus-doennie.de\/index.php?rest_route=\/wp\/v2\/types\/page"}],"author":[{"embeddable":true,"href":"https:\/\/gutshaus-doennie.de\/index.php?rest_route=\/wp\/v2\/users\/1"}],"replies":[{"embeddable":true,"href":"https:\/\/gutshaus-doennie.de\/index.php?rest_route=%2Fwp%2Fv2%2Fcomments&post=629"}],"version-history":[{"count":20,"href":"https:\/\/gutshaus-doennie.de\/index.php?rest_route=\/wp\/v2\/pages\/629\/revisions"}],"predecessor-version":[{"id":1431,"href":"https:\/\/gutshaus-doennie.de\/index.php?rest_route=\/wp\/v2\/pages\/629\/revisions\/1431"}],"wp:attachment":[{"href":"https:\/\/gutshaus-doennie.de\/index.php?rest_route=%2Fwp%2Fv2%2Fmedia&parent=629"}],"curies":[{"name":"wp","href":"https:\/\/api.w.org\/{rel}","templated":true}]}}