{"id":98,"date":"2022-03-08T20:21:16","date_gmt":"2022-03-08T19:21:16","guid":{"rendered":"http:\/\/gutshaus-doennie.de.domainpreview.eu\/?page_id=98"},"modified":"2022-03-27T20:01:00","modified_gmt":"2022-03-27T18:01:00","slug":"althea-wp","status":"publish","type":"page","link":"https:\/\/gutshaus-doennie.de\/","title":{"rendered":"Willkommen"},"content":{"rendered":"<div data-colibri-id=\"98-c1\" class=\"style-189 style-local-98-c1 position-relative\">\n  <!---->\n  <div data-colibri-component=\"section\" data-colibri-id=\"98-c2\" id=\"willkomen\" class=\"h-section h-section-global-spacing d-flex align-items-lg-center align-items-md-center align-items-center style-369 style-local-98-c2 position-relative\">\n    <!---->\n    <!---->\n    <div class=\"h-section-grid-container h-section-boxed-container\">\n      <!---->\n      <div data-colibri-id=\"98-c3\" class=\"h-row-container gutters-row-lg-0 gutters-row-md-0 gutters-row-0 gutters-row-v-lg-0 gutters-row-v-md-0 gutters-row-v-0 style-370 style-local-98-c3 position-relative\">\n        <!---->\n        <div class=\"h-row justify-content-lg-center justify-content-md-center justify-content-center align-items-lg-stretch align-items-md-stretch align-items-stretch gutters-col-lg-0 gutters-col-md-0 gutters-col-0 gutters-col-v-lg-0 gutters-col-v-md-0 gutters-col-v-0\">\n          <!---->\n          <div class=\"h-column h-column-container d-flex h-col-lg-auto h-col-md-auto h-col-auto style-371-outer style-local-98-c4-outer\">\n            <div data-colibri-id=\"98-c4\" class=\"d-flex h-flex-basis h-column__inner h-px-lg-0 h-px-md-0 h-px-0 v-inner-lg-0 v-inner-md-0 v-inner-0 style-371 style-local-98-c4 position-relative\">\n              <!---->\n              <!---->\n              <div class=\"w-100 h-y-container h-column__content h-column__v-align flex-basis-100 align-self-lg-start align-self-md-start align-self-start\">\n                <!---->\n                <div data-colibri-id=\"98-c5\" class=\"h-global-transition-all h-heading style-372 style-local-98-c5 position-relative h-element\">\n                  <!---->\n                  <div class=\"h-heading__outer style-372 style-local-98-c5\">\n                    <!---->\n                    <!---->\n                    <h5 class=\"\">Herzlich Willkommen<\/h5>\n                  <\/div>\n                <\/div>\n                <div data-colibri-id=\"98-c6\" class=\"h-global-transition-all h-heading style-373 style-local-98-c6 position-relative h-element\">\n                  <!---->\n                  <div class=\"h-heading__outer style-373 style-local-98-c6\">\n                    <!---->\n                    <!---->\n                    <h2 class=\"\">Das &#8222;Gutshaus D\u00f6nnie&#8220; liegt in der Gemeinde S\u00fcderholz direkt am Pommern-\n                      <br>Dreieck bei Grimmen.<\/h2>\n                  <\/div>\n                <\/div>\n                <div data-colibri-id=\"98-c7\" class=\"h-text h-text-component style-374 style-local-98-c7 position-relative h-element\">\n                  <!---->\n                  <!---->\n                  <div class=\"\">\n                    <p>Auf Grund dieser verkehrsg\u00fcnstigen Lage sind alle Ziele schnell erreichbar. Im \u00fcber 150 Jahre alten Gutshaus bieten wir Ihnen gem\u00fctlich eingerichtete G\u00e4stezimmer und G\u00e4stewohnungen zum \u00dcbernachten..<\/p>\n                  <\/div>\n                <\/div>\n              <\/div>\n            <\/div>\n          <\/div>\n          <div class=\"h-column h-column-container d-flex h-col-lg-auto h-col-md-auto h-col-auto style-375-outer style-local-98-c8-outer\">\n            <div data-colibri-id=\"98-c8\" class=\"d-flex h-flex-basis h-column__inner h-ui-empty-state-container h-px-lg-2 h-px-md-2 h-px-2 v-inner-lg-2 v-inner-md-2 v-inner-2 style-375 style-local-98-c8 position-relative\">\n              <!---->\n              <!---->\n              <div class=\"w-100 h-y-container h-column__content h-column__v-align flex-basis-100\">\n                <!---->\n              <\/div>\n            <\/div>\n          <\/div>\n        <\/div>\n      <\/div>\n    <\/div>\n  <\/div>\n  <div data-colibri-component=\"section\" data-colibri-id=\"98-c9\" id=\"pension\" class=\"h-section h-section-global-spacing d-flex align-items-lg-center align-items-md-center align-items-center style-389 style-local-98-c9 position-relative\">\n    <!---->\n    <!---->\n    <div class=\"h-section-grid-container h-section-fluid-container\">\n      <div data-colibri-id=\"98-c14\" class=\"h-row-container gutters-row-lg-2 gutters-row-md-2 gutters-row-2 gutters-row-v-lg-2 gutters-row-v-md-2 gutters-row-v-2 style-394 style-local-98-c14 position-relative\">\n        <!---->\n        <div class=\"h-row justify-content-lg-center justify-content-md-center justify-content-center align-items-lg-stretch align-items-md-stretch align-items-stretch gutters-col-lg-2 gutters-col-md-2 gutters-col-2 gutters-col-v-lg-2 gutters-col-v-md-2 gutters-col-v-2\">\n          <!---->\n          <div class=\"h-column h-column-container d-flex h-col-lg-auto h-col-md-auto h-col-auto style-395-outer style-local-98-c15-outer\">\n            <div data-colibri-id=\"98-c15\" class=\"d-flex h-flex-basis h-column__inner h-px-lg-2 h-px-md-2 h-px-2 v-inner-lg-2 v-inner-md-2 v-inner-2 style-395 style-local-98-c15 position-relative\">\n              <!---->\n              <!---->\n              <div class=\"w-100 h-y-container h-column__content h-column__v-align flex-basis-100 align-self-lg-start align-self-md-start align-self-start\">\n                <!---->\n                <div data-colibri-id=\"98-c16\" class=\"h-global-transition-all h-heading style-397 style-local-98-c16 position-relative h-element\">\n                  <!---->\n                  <div class=\"h-heading__outer style-397 style-local-98-c16\">\n                    <!---->\n                    <!---->\n                    <h2 class=\"\"><em style=\"color: rgb(153, 0, 51); font-family: Playfair Display;\">G\u00e4stezimmer<\/em> und Ferienwohnungen<\/h2>\n                  <\/div>\n                <\/div>\n                <div data-colibri-id=\"98-c17\" class=\"h-lead h-text h-text-component style-398 style-local-98-c17 position-relative h-element\">\n                  <!---->\n                  <!---->\n                  <div class=\"\">\n                    <p>G\u00e4stezimmer und Ferienwohnungen gibt es bei uns\n                      <br>ab 30 \u20ac pro Person\n                      <br>\n                    <\/p>\n                  <\/div>\n                <\/div>\n              <\/div>\n            <\/div>\n          <\/div>\n        <\/div>\n      <\/div>\n      <div data-colibri-id=\"98-c10\" class=\"h-row-container gutters-row-lg-0 gutters-row-md-0 gutters-row-0 gutters-row-v-lg-0 gutters-row-v-md-0 gutters-row-v-0 style-390 style-local-98-c10 h-overflow-hidden position-relative\">\n        <!---->\n        <div class=\"h-row justify-content-lg-center justify-content-md-center justify-content-center align-items-lg-end align-items-md-end align-items-end gutters-col-lg-0 gutters-col-md-0 gutters-col-0 gutters-col-v-lg-0 gutters-col-v-md-0 gutters-col-v-0\">\n          <!---->\n          <div class=\"h-column h-column-container d-flex h-col-lg-auto h-col-md-auto h-col-auto align-self-lg-end align-self-md-end align-self-end style-391-outer style-local-98-c11-outer\">\n            <div data-colibri-id=\"98-c11\" class=\"d-flex h-flex-basis h-column__inner h-ui-empty-state-container h-px-lg-0 h-px-md-0 h-px-0 v-inner-lg-0 v-inner-md-0 v-inner-0 style-391 style-local-98-c11 position-relative\">\n              <!---->\n              <!---->\n              <div class=\"w-100 h-y-container h-column__content h-column__v-align flex-basis-100\">\n                <!---->\n              <\/div>\n            <\/div>\n          <\/div>\n          <div class=\"h-column h-column-container d-flex h-col-lg-auto h-col-md-auto h-col-auto align-self-lg-end align-self-md-end align-self-end style-392-outer style-local-98-c12-outer\">\n            <div data-colibri-id=\"98-c12\" class=\"d-flex h-flex-basis h-column__inner h-ui-empty-state-container h-px-lg-0 h-px-md-0 h-px-0 v-inner-lg-0 v-inner-md-0 v-inner-0 style-392 style-local-98-c12 position-relative\">\n              <!---->\n              <!---->\n              <div class=\"w-100 h-y-container h-column__content h-column__v-align flex-basis-100\">\n                <!---->\n              <\/div>\n            <\/div>\n          <\/div>\n          <div class=\"h-column h-column-container d-flex h-col-lg-auto h-col-md-auto h-col-auto align-self-lg-end align-self-md-end align-self-end style-393-outer style-local-98-c13-outer\">\n            <div data-colibri-id=\"98-c13\" class=\"d-flex h-flex-basis h-column__inner h-ui-empty-state-container h-px-lg-0 h-px-md-0 h-px-0 v-inner-lg-0 v-inner-md-0 v-inner-0 style-393 style-local-98-c13 position-relative\">\n              <!---->\n              <!---->\n              <div class=\"w-100 h-y-container h-column__content h-column__v-align flex-basis-100\">\n                <!---->\n              <\/div>\n            <\/div>\n          <\/div>\n        <\/div>\n      <\/div>\n    <\/div>\n  <\/div>\n  <div data-colibri-component=\"section\" data-colibri-id=\"98-c18\" id=\"about\" class=\"h-section h-section-global-spacing d-flex align-items-lg-center align-items-md-center align-items-center style-517 style-local-98-c18 position-relative\">\n    <!---->\n    <!---->\n    <div class=\"h-section-grid-container h-section-boxed-container\">\n      <!---->\n      <div data-colibri-id=\"98-c19\" class=\"h-row-container gutters-row-lg-0 gutters-row-md-0 gutters-row-0 gutters-row-v-lg-0 gutters-row-v-md-0 gutters-row-v-0 style-518 style-local-98-c19 position-relative\">\n        <!---->\n        <div class=\"h-row justify-content-lg-center justify-content-md-center justify-content-center align-items-lg-stretch align-items-md-stretch align-items-stretch gutters-col-lg-0 gutters-col-md-0 gutters-col-0 gutters-col-v-lg-0 gutters-col-v-md-0 gutters-col-v-0\">\n          <!---->\n          <div class=\"h-column h-column-container d-flex h-col-lg-auto h-col-md-auto h-col-auto style-519-outer style-local-98-c20-outer\">\n            <div data-colibri-id=\"98-c20\" class=\"d-flex h-flex-basis h-column__inner h-ui-empty-state-container h-px-lg-0 h-px-md-0 h-px-0 v-inner-lg-0 v-inner-md-0 v-inner-0 style-519 style-local-98-c20 position-relative\">\n              <!---->\n              <!---->\n              <div class=\"w-100 h-y-container h-column__content h-column__v-align flex-basis-100\">\n                <!---->\n              <\/div>\n            <\/div>\n          <\/div>\n          <div class=\"h-column h-column-container d-flex h-col-lg-auto h-col-md-auto h-col-auto style-520-outer style-local-98-c21-outer\">\n            <div data-colibri-id=\"98-c21\" class=\"d-flex h-flex-basis h-column__inner h-px-lg-2 h-px-md-2 h-px-2 v-inner-lg-2 v-inner-md-2 v-inner-2 style-520 style-local-98-c21 position-relative\">\n              <!---->\n              <!---->\n              <div class=\"w-100 h-y-container h-column__content h-column__v-align flex-basis-100 align-self-lg-start align-self-md-start align-self-start\">\n                <!---->\n                <div data-colibri-id=\"98-c22\" class=\"h-global-transition-all h-heading style-521 style-local-98-c22 position-relative h-element\">\n                  <!---->\n                  <div class=\"h-heading__outer style-521 style-local-98-c22\">\n                    <!---->\n                    <!---->\n                    <h5 class=\"\">Veranstaltungsraum<\/h5>\n                  <\/div>\n                <\/div>\n                <div data-colibri-id=\"98-c23\" class=\"h-global-transition-all h-heading style-522 style-local-98-c23 position-relative h-element\">\n                  <!---->\n                  <div class=\"h-heading__outer style-522 style-local-98-c23\">\n                    <!---->\n                    <!---->\n                    <h5 class=\"\">Feiern &amp; Familientreffen\n                      <br>in D\u00f6nnie<\/h5>\n                  <\/div>\n                <\/div>\n                <div data-colibri-id=\"98-c24\" class=\"h-text h-text-component style-523 style-local-98-c24 position-relative h-element\">\n                  <!---->\n                  <!---->\n                  <div class=\"\">\n                    <p>Familientreffen und Feiern\n                      <br>bis zu 70 Personen\n                      <br>sind m\u00f6glich\n                      <br>\n                    <\/p>\n                  <\/div>\n                <\/div>\n              <\/div>\n            <\/div>\n          <\/div>\n        <\/div>\n      <\/div>\n    <\/div>\n  <\/div>\n  <div data-colibri-component=\"section\" data-colibri-id=\"98-c25\" id=\"kontakt-anfahrt\" class=\"h-section h-section-global-spacing d-flex align-items-lg-center align-items-md-center align-items-center style-404 style-local-98-c25 position-relative\">\n    <!---->\n    <!---->\n    <div class=\"h-section-grid-container h-section-boxed-container\">\n      <!---->\n      <div data-colibri-id=\"98-c26\" class=\"h-row-container gutters-row-lg-0 gutters-row-md-0 gutters-row-0 gutters-row-v-lg-0 gutters-row-v-md-0 gutters-row-v-0 style-405 style-local-98-c26 position-relative\">\n        <!---->\n        <div class=\"h-row justify-content-lg-center justify-content-md-center justify-content-center align-items-lg-stretch align-items-md-stretch align-items-stretch gutters-col-lg-0 gutters-col-md-0 gutters-col-0 gutters-col-v-lg-0 gutters-col-v-md-0 gutters-col-v-0\">\n          <!---->\n          <div class=\"h-column h-column-container d-flex h-col-lg-auto h-col-md-auto h-col-auto style-406-outer style-local-98-c27-outer\">\n            <div data-colibri-id=\"98-c27\" class=\"d-flex h-flex-basis h-column__inner h-ui-empty-state-container h-px-lg-0 h-px-md-0 h-px-0 v-inner-lg-0 v-inner-md-0 v-inner-0 style-406 style-local-98-c27 position-relative\">\n              <!---->\n              <!---->\n              <div class=\"w-100 h-y-container h-column__content h-column__v-align flex-basis-100\">\n                <!---->\n              <\/div>\n            <\/div>\n          <\/div>\n          <div class=\"h-column h-column-container d-flex h-col-lg-auto h-col-md-auto h-col-auto style-407-outer style-local-98-c28-outer\">\n            <div data-colibri-id=\"98-c28\" class=\"d-flex h-flex-basis h-column__inner h-px-lg-2 h-px-md-2 h-px-2 v-inner-lg-2 v-inner-md-2 v-inner-2 style-407 style-local-98-c28 position-relative\">\n              <!---->\n              <!---->\n              <div class=\"w-100 h-y-container h-column__content h-column__v-align flex-basis-100 align-self-lg-start align-self-md-start align-self-start\">\n                <!---->\n                <div data-colibri-id=\"98-c29\" class=\"h-global-transition-all h-heading style-409 style-local-98-c29 position-relative h-element\">\n                  <!---->\n                  <div class=\"h-heading__outer style-409 style-local-98-c29\">\n                    <!---->\n                    <!---->\n                    <h2 class=\"\">Nehmen Sie zu uns\n                      <br>Kontakt auf<\/h2>\n                  <\/div>\n                <\/div>\n                <div data-colibri-id=\"98-c30\" class=\"h-text h-text-component style-410 style-local-98-c30 position-relative h-element\">\n                  <!---->\n                  <!---->\n                  <div class=\"\">\n                    <p>Neue Stra\u00dfe 9\n                      <br>18516 S\u00fcderholz OT D\u00f6nnie\n                      <br>\n                    <\/p>\n                    <p>Herr Morris Hanisch\n                      <br>\n                    <\/p>\n                    <p>Tel.: 038 331\/ 18 301\n                      <br>Mob.: 0152\/ 33 79 11 53<\/p>\n                    <p>E-Mail:\n                      <a href=\"mailto:info@gutshaus-doennie.de\">\n                        <br>info@gutshaus-doennie.de<\/a>\n                      <br>\n                    <\/p>\n                  <\/div>\n                <\/div>\n              <\/div>\n            <\/div>\n          <\/div>\n        <\/div>\n      <\/div>\n    <\/div>\n  <\/div>\n  <div data-colibri-component=\"section\" data-colibri-id=\"98-c31\" id=\"custom\" class=\"h-section h-section-global-spacing d-flex align-items-lg-center align-items-md-center align-items-center style-492 style-local-98-c31 position-relative\">\n    <!---->\n    <!---->\n    <div class=\"h-section-grid-container h-section-boxed-container\">\n      <!---->\n      <div data-colibri-id=\"98-c32\" class=\"h-row-container gutters-row-lg-2 gutters-row-md-2 gutters-row-0 gutters-row-v-lg-2 gutters-row-v-md-2 gutters-row-v-2 style-493 style-local-98-c32 position-relative\">\n        <!---->\n        <div class=\"h-row justify-content-lg-center justify-content-md-center justify-content-center align-items-lg-stretch align-items-md-stretch align-items-stretch gutters-col-lg-2 gutters-col-md-2 gutters-col-0 gutters-col-v-lg-2 gutters-col-v-md-2 gutters-col-v-2\">\n          <!---->\n          <div class=\"h-column h-column-container d-flex h-col-lg-auto h-col-md-auto h-col-auto style-495-outer style-local-98-c33-outer\">\n            <div data-colibri-id=\"98-c33\" class=\"d-flex h-flex-basis h-column__inner h-px-lg-2 h-px-md-2 h-px-2 v-inner-lg-2 v-inner-md-2 v-inner-2 style-495 style-local-98-c33 position-relative\">\n              <!---->\n              <!---->\n              <div class=\"w-100 h-y-container h-column__content h-column__v-align flex-basis-100 align-self-lg-start align-self-md-start align-self-start\">\n                <!---->\n                <div data-colibri-id=\"98-c34\" class=\"h-text h-text-component style-496 style-local-98-c34 position-relative h-element\">\n                  <!---->\n                  <!---->\n                  <div class=\"\">\n                    <p><strong>Anfahrt mit dem Auto:<\/strong><\/p>\n                    <p>\u2022 Wer \u00fcber die A20 kommt, f\u00e4hrt die Abfahrt Grimmen Ost herunter und biegt in Richtung S\u00fcderholz \/ Poggendorf ab\n                      <br>(ca 5km).<\/p>\n                    <p>\u2022 In Poggendorf an der Kreuzung geht es rechts in Richtung Glewitz \/ Rakow weiter (ca 4km).<\/p>\n                    <p>\u2022 In Rakow reingefahren gabelt sich die Stra\u00dfe an einer Kirche. Hier rechts nach D\u00f6nnie abbiegen und den Schildern folgen (ca 2km).<\/p>\n                  <\/div>\n                <\/div>\n              <\/div>\n            <\/div>\n          <\/div>\n          <div class=\"h-column h-column-container d-flex h-col-lg-auto h-col-md-auto h-col-auto style-531-outer style-local-98-c35-outer\">\n            <div data-colibri-id=\"98-c35\" class=\"d-flex h-flex-basis h-column__inner h-px-lg-2 h-px-md-2 h-px-2 v-inner-lg-2 v-inner-md-2 v-inner-2 style-531 style-local-98-c35 position-relative\">\n              <!---->\n              <!---->\n              <div class=\"w-100 h-y-container h-column__content h-column__v-align flex-basis-100 align-self-lg-start align-self-md-start align-self-start\">\n                <!---->\n                <div data-colibri-id=\"98-c36\" class=\"h-text h-text-component style-532 style-local-98-c36 position-relative h-element\">\n                  <!---->\n                  <!---->\n                  <div class=\"\">\n                    <p><strong>Anfahrt mit der Bahn:<\/strong> <\/p>\n                    <p>\u2022 g\u00fcnstigster Zielbahnhof befindet sich im 2km entfernten Rakow (PLZ 18516) <\/p>\n                    <p>\u2022 Fahrplanauskunft der deutschen Bahn:\n                      <a href=\"http:\/\/www.bahn.de\/p\/view\/index.shtml\" target=\"_blank\" class=\"customize-unpreviewable\" rel=\"noopener\"><strong>www.bahn.de<\/strong><\/a>\n                    <\/p>\n                  <\/div>\n                <\/div>\n              <\/div>\n            <\/div>\n          <\/div>\n        <\/div>\n      <\/div>\n    <\/div>\n  <\/div>\n<\/div>","protected":false},"excerpt":{"rendered":"<p>Herzlich Willkommen Das &#8222;Gutshaus D\u00f6nnie&#8220; liegt in der Gemeinde S\u00fcderholz direkt am Pommern- Dreieck bei Grimmen. Auf Grund dieser verkehrsg\u00fcnstigen Lage sind alle Ziele schnell erreichbar. Im \u00fcber 150 Jahre alten Gutshaus bieten wir Ihnen gem\u00fctlich eingerichtete G\u00e4stezimmer und G\u00e4stewohnungen zum \u00dcbernachten.. G\u00e4stezimmer und Ferienwohnungen G\u00e4stezimmer und Ferienwohnungen gibt es bei uns ab 30 \u20ac [&hellip;]<\/p>\n","protected":false},"author":1,"featured_media":149,"parent":0,"menu_order":0,"comment_status":"closed","ping_status":"closed","template":"page-templates\/homepage.php","meta":{"footnotes":""},"class_list":["post-98","page","type-page","status-publish","has-post-thumbnail","hentry"],"_links":{"self":[{"href":"https:\/\/gutshaus-doennie.de\/index.php?rest_route=\/wp\/v2\/pages\/98","targetHints":{"allow":["GET"]}}],"collection":[{"href":"https:\/\/gutshaus-doennie.de\/index.php?rest_route=\/wp\/v2\/pages"}],"about":[{"href":"https:\/\/gutshaus-doennie.de\/index.php?rest_route=\/wp\/v2\/types\/page"}],"author":[{"embeddable":true,"href":"https:\/\/gutshaus-doennie.de\/index.php?rest_route=\/wp\/v2\/users\/1"}],"replies":[{"embeddable":true,"href":"https:\/\/gutshaus-doennie.de\/index.php?rest_route=%2Fwp%2Fv2%2Fcomments&post=98"}],"version-history":[{"count":21,"href":"https:\/\/gutshaus-doennie.de\/index.php?rest_route=\/wp\/v2\/pages\/98\/revisions"}],"predecessor-version":[{"id":1490,"href":"https:\/\/gutshaus-doennie.de\/index.php?rest_route=\/wp\/v2\/pages\/98\/revisions\/1490"}],"wp:featuredmedia":[{"embeddable":true,"href":"https:\/\/gutshaus-doennie.de\/index.php?rest_route=\/wp\/v2\/media\/149"}],"wp:attachment":[{"href":"https:\/\/gutshaus-doennie.de\/index.php?rest_route=%2Fwp%2Fv2%2Fmedia&parent=98"}],"curies":[{"name":"wp","href":"https:\/\/api.w.org\/{rel}","templated":true}]}}